





{"id":1155,"date":"2022-12-20T15:48:32","date_gmt":"2022-12-20T20:48:32","guid":{"rendered":"https:\/\/unleash.absoluteresults.com\/?page_id=1155"},"modified":"2025-06-17T12:53:30","modified_gmt":"2025-06-17T16:53:30","slug":"events","status":"publish","type":"page","link":"https:\/\/absoluteresults.com\/fr\/events\/","title":{"rendered":"\u00c9v\u00e9nements"},"content":{"rendered":"<section id=\"InnerBanner\" class=\"page-sub-inner-header\">\n    <div class=\"ar-bg\" style=\"background-image: url('https:\/\/absoluteresults.com\/wp-content\/uploads\/2022\/07\/experiences-bg.png');\">\n        <div class=\"container\" id=\"banner-container\">\n           <div class=\"banner-area\">\n                <div class=\"unleash-bg\">\n                    <img src=\"https:\/\/absoluteresults.com\/wp-content\/themes\/absoluteresults\/assets\/images\/inner-Black-bar.png\">\n                <\/div>\n                <div class=\"banner-cont\">\n                    <h1>LIB\u00c9RER <br>LE POUVOIR <br>DE VOS <br>\u00c9V\u00c9NEMENTS<br> DE VENTE<\/h1>\n                                    <\/div>\n            <\/div>\n            <!-- <div class=\"arrow-down\"><a href=\"#ConsultingSection\" class=\"page-scroller\"><i class=\"fa fa-fw fa-arrow-down-long\"><\/i><\/a><\/div> -->\n            \n        <\/div>\n    <\/div>\n<\/section>\n\n\n<section id=\"exp-block_62d19f74ac12e\" class=\"inner exp\">\n    <div class=\"container\">\n      <div class=\"exp-image-bg\">\n          <img src=\"https:\/\/absoluteresults.com\/wp-content\/uploads\/2022\/07\/experiences-global-bg.png\" alt=\"\" \/>\n      <\/div>\n       <div class=\"exp-block\">\n        <div class=\"exp-content\">\n            <div class=\"exp-header\"><h2>UNE PR\u00c9SENCE <br>INTERNATIONALE ASSOCI\u00c9E \u00c0 LA CONNAISSANCE DU MARCH\u00c9 LOCAL. <\/h2><\/div>\n                                <\/div>\n                    <div class=\"counter d-flex flex-row justify-content-end\">\n                <div class=\"sold col-3\">\n                    <p>V\u00e9hicules vendus (cumul)<\/p>\n                    <h5>48,752<\/h5>\n                <\/div>\n                <div class=\"events-date col-3\">\n                    <p>\u00c9v\u00e9nements \u00e0 ce jour (cumul)<\/p>\n                    <h5>3,143<\/h5>\n                <\/div>\n            <\/div>\n                    <\/div>\n    <\/div>\n<\/section>\n\n<section id=\"CurrentGlobalEvents\" class=\"globalevents\">\n    <div class=\"container\">\n        <h2>D\u00c9MARQUEZ-VOUS DE VOTRE CONCURRENCE<\/h2>\n        <div class=\"news-slide\">\n                    <div class=\"new-list \" style=\"background:#74d2e7\">\n                <h3>Renault Drogenbos<\/h3>\n                 \n                                           <h5>Belgique<\/h5>\n                                        <div class=\"counter\">\n                        <div class=\"a-number\">204<\/div>\n                        <div class=\"a-text\"><span class=\"en-a-text\">Appointments<br\/>Booked<\/span><span class=\"fr-a-text\">Rendez-vous <br\/>r\u00e9serv\u00e9s<\/span><\/div>\n                        <div class=\"clr\"><\/div>\n                    <\/div>\n                            <\/div>\n                    <div class=\"new-list \" style=\"background:#79d97c\">\n                <h3>Millauto Losange Mulhouse<\/h3>\n                 \n                                           <h5>France<\/h5>\n                                        <div class=\"counter\">\n                        <div class=\"a-number\">212<\/div>\n                        <div class=\"a-text\"><span class=\"en-a-text\">Appointments<br\/>Booked<\/span><span class=\"fr-a-text\">Rendez-vous <br\/>r\u00e9serv\u00e9s<\/span><\/div>\n                        <div class=\"clr\"><\/div>\n                    <\/div>\n                            <\/div>\n                    <div class=\"new-list \" style=\"background:#74d2e7\">\n                <h3>401 Dixie Hyundai<\/h3>\n                 \n                                           <h5>Canada<\/h5>\n                                        <div class=\"counter\">\n                        <div class=\"a-number\">231<\/div>\n                        <div class=\"a-text\"><span class=\"en-a-text\">Appointments<br\/>Booked<\/span><span class=\"fr-a-text\">Rendez-vous <br\/>r\u00e9serv\u00e9s<\/span><\/div>\n                        <div class=\"clr\"><\/div>\n                    <\/div>\n                            <\/div>\n                    <div class=\"new-list \" style=\"background:#79d97c\">\n                <h3>Mercedes-Benz Mississauga<\/h3>\n                 \n                                           <h5>Canada<\/h5>\n                                        <div class=\"counter\">\n                        <div class=\"a-number\">277<\/div>\n                        <div class=\"a-text\"><span class=\"en-a-text\">Appointments<br\/>Booked<\/span><span class=\"fr-a-text\">Rendez-vous <br\/>r\u00e9serv\u00e9s<\/span><\/div>\n                        <div class=\"clr\"><\/div>\n                    <\/div>\n                            <\/div>\n                    <div class=\"new-list \" style=\"background:#00b74f\">\n                <h3>BYmyCAR Milano &#8211; Missaglia<\/h3>\n                 \n                                           <h5>Italie<\/h5>\n                                        <div class=\"counter\">\n                        <div class=\"a-number\">194<\/div>\n                        <div class=\"a-text\"><span class=\"en-a-text\">Appointments<br\/>Booked<\/span><span class=\"fr-a-text\">Rendez-vous <br\/>r\u00e9serv\u00e9s<\/span><\/div>\n                        <div class=\"clr\"><\/div>\n                    <\/div>\n                            <\/div>\n                    <div class=\"new-list \" style=\"background:#b580d1\">\n                <h3>Doncaster BMW<\/h3>\n                 \n                                           <h5>Australie<\/h5>\n                                        <div class=\"counter\">\n                        <div class=\"a-number\">193<\/div>\n                        <div class=\"a-text\"><span class=\"en-a-text\">Appointments<br\/>Booked<\/span><span class=\"fr-a-text\">Rendez-vous <br\/>r\u00e9serv\u00e9s<\/span><\/div>\n                        <div class=\"clr\"><\/div>\n                    <\/div>\n                            <\/div>\n                    <div class=\"new-list new-list-button\" style=\"background:#F5F7F7\">\n                <h3>D\u00c9MARQUEZ-VOUS DE VOTRE CONCURRENCE<\/h3>\n                                    <div class=\"book-button button-effect2\"><a href=\"\/contact\/\">R\u00c9SERVEZ D\u00c8S MAINTENANT<\/a><\/div>\n                            <\/div>\n                <\/div>\n    <\/div>\n<\/section>\n    \n    \n    \n\n<section id=\"trainers-block_62fa83770f035\" class=\"inner trainers\">\n    <div class=\"container\">\n       <div class=\"trainers-block row\">\n            <div class=\"sub-heading\">Vue d&rsquo;ensemble.<\/div>\n            <div class=\"trainers-image-bg col-md-5\">\n                <img src=\"https:\/\/absoluteresults.com\/wp-content\/uploads\/2022\/12\/experiences-overview.png\" alt=\"\" \/>\n            <\/div>\n            <div class=\"trainers-content col-md-7\">\n                <div class=\"trainers-header\"><h2>L\u2019importance <br>de l\u2019exp\u00e9rience.<\/h2><\/div>\n                <div class=\"block-desc\"><p>Une longue exp\u00e9rience gagn\u00e9e sur le terrain dans le secteur de l\u2019automobile dynamise la passion, l\u2019originalit\u00e9, et la r\u00e9alisation de l\u2019Exp\u00e9rience \u00e9v\u00e9nementielle d\u2019Absolute Results.<br \/>\nGr\u00e2ce \u00e0 une combinaison personnalis\u00e9e entre nos technologies de pointe en marketing, nos Formateurs de classe mondiale et nos efforts technico-commerciaux, vous r\u00e9ussirez non seulement \u00e0 atteindre les chiffres de vente d\u00e9sir\u00e9s, mais \u00e0 les d\u00e9passer ! <\/p>\n<p>Nous avons aid\u00e9 <strong>NEUF MILLE<\/strong> concessionnaires dans <strong>VINGT-HUIT<\/strong> pays \u00e0 vendre plus <strong>d\u2019UN MILLION DE V\u00c9HICULES<\/strong>. Maintenant, c\u2019est \u00e0 vous.<\/p>\n<\/div>\n            <\/div>\n        <\/div>\n        <!-- End -->\n        <div class=\"trainers-block row right-content\">\n            <div class=\"sub-heading\">Marketing.<\/div>\n            <div class=\"trainers-image-bg col-md-5\">\n                <img src=\"https:\/\/absoluteresults.com\/wp-content\/uploads\/2022\/12\/experiences-marketing.png\" alt=\"\" \/>\n            <\/div>\n            <div class=\"trainers-content col-md-7\">\n                <div class=\"trainers-header\"><h2>Des signes<br\/> sur la route.<\/h2><\/div>\n                <div class=\"block-desc\"><p>Notre technologie de pointe sur la gestion du portefeuille vous garantit que le message parfait arrivera au client parfait &#8211; celui qui a d\u00e9j\u00e0 pris la d\u00e9cision d\u2019achat. Nos campagnes de marketing attrayantes, d\u00e9ploy\u00e9es dans plusieurs canaux strat\u00e9giques, sont con\u00e7ues pour captiver et engager votre client\u00e8le. Nous prenons au s\u00e9rieux votre entreprise et votre marque, et nous savons comment les mettre en valeur. Le r\u00e9sultat : une participation remarquable et des ventes spectaculaires le jour de votre \u00e9v\u00e9nement sp\u00e9cial.<br \/>\nNous ciblons votre client\u00e8le et nous l\u2019engageons afin qu\u2019elle franchisse la porte de votre concession.<\/p>\n<\/div>\n               \n            <\/div>\n        <\/div>\n        <!-- End -->\n        <div class=\"trainers-block row\">\n            <div class=\"sub-heading\">Formation.<\/div>\n            <div class=\"trainers-image-bg col-md-5\">\n                <img src=\"https:\/\/absoluteresults.com\/wp-content\/uploads\/2022\/12\/experiences-training.png\" alt=\"\" \/>\n            <\/div>\n            <div class=\"trainers-content col-md-7\">\n                <div class=\"trainers-header\"><h2>Une mise au point haute<br\/> performance.<\/h2><\/div>\n                <div class=\"block-desc\"><p>Notre \u00e9quipe de formateurs exp\u00e9riment\u00e9s travaillera coude \u00e0 coude avec votre \u00e9quipe pour d\u00e9velopper ses comp\u00e9tences et pour am\u00e9liorer ses performances. Notre technologie de pointe et nos nouveaux outils aideront votre \u00e9quipe \u00e0 vendre plus de v\u00e9hicules aujourd\u2019hui et demain.<br \/>\nCertes, nous visons haut mais nous visons juste pour atteindre la cible.<\/p>\n<p><img src=\"http:\/\/unleash.absoluteresults.com\/wp-content\/uploads\/2024\/04\/FR-Qualiopi.png\" alt=\"Qualiopi\" width=\"280\" style=\"padding:20px\" \/><\/p>\n<\/div>\n               <!-- <div class=\"trainers-button button-effect\"> \n                <a href=\"\">\n                   <span class=\"circle\"><span class=\"fa fa-fw fa-arrow-right\"><\/span><\/span>\n                    <span class=\"button-text\"><\/span>\n                <\/a> \n                <\/div>-->\n            <\/div>\n        <\/div>\n        <!-- End -->\n        <div class=\"trainers-block row right-content\">\n            <div class=\"sub-heading\">\u00c9v\u00e9nements.<\/div>\n            <div class=\"trainers-image-bg col-md-5\">\n                <img src=\"https:\/\/absoluteresults.com\/wp-content\/uploads\/2022\/12\/experiences-events.png\" alt=\"\" \/>\n            <\/div>\n            <div class=\"trainers-content col-md-7\">\n                <div class=\"trainers-header\"><h2>Allumez le<br\/> feu.<\/h2><\/div>\n                <div class=\"block-desc\"><p>Pr\u00e9parez-vous \u00e0 VENDRE. Nous vous accompagnons personnellement lors de votre \u00c9v\u00e9nement sp\u00e9cial, et nous vous aiderons \u00e0 conclure les ventes. Exploitez tout ce que vous avez appris durant la semaine, cr\u00e9ez une bonne ambiance qui encourage vos clients \u00e0 acheter et \u00e0 repartir, souriants, au volant de leur nouveau v\u00e9hicule.<br \/>\nLes concessionnaires avec qui nous travaillons peuvent s\u2019attendre \u00e0 vendre l\u2019\u00e9quivalent d\u2019une semaine en UNE SEULE JOURN\u00c9E. Ce volume vaut bien un gros sourire<\/p>\n<\/div>\n            <\/div>\n        <\/div>\n          <!-- End -->\n    <\/div>\n<\/section>\n\n<style>\n@media (max-width: 767.98px) { \n    .inner.brands {background:url('') no-repeat}\n}\n<\/style>\n<section id=\"BrandsSection\" class=\"inner brands\">\n    <div class=\"container\">\n        <div class=\"brands-image-bg\"><img src=\"https:\/\/absoluteresults.com\/wp-content\/uploads\/2022\/08\/brand-experiences.png\" alt=\"\" \/><\/div>\n       <div class=\"brands-block\">\n        <div class=\"brands-content\">\n            <div class=\"brands-header\"><h2>Creating Brand Experiences that Drive Sales<\/h2><\/div>\n            <div class=\"block-desc\"><p>Sed euismod eu libero ac pharetra. Pellentesque habitant morbi tristique senectus et netus et malesuada fames ac turpis egestas. Fusce convallis felis dui. Curabitur molestie malesuada tortor.<\/p>\n<\/div>\n            <div class=\"brands-button button-effect2\"> \n                <a href=\"#\">Book Your Event                <\/a>\n            <\/div>\n        <\/div>\n        <\/div>\n    <\/div>\n<\/section>\n\n<section id=\"ExtraDefault1\" class=\"extra-default1\">\n    <div class=\"container\">\n        <h3>Se mettre sur la carte automobile pour vendre le volume d&rsquo;une semaine en UNE JOURN\u00c9E.<\/h3>\n         <div class=\"extra-default-button book-button button-effect2\"><a href=\"\/fr\/contact\/\">R\u00e9server votre \u00e9v\u00e9nement maintenant<\/a><\/div>\n    <\/div>\n<\/section>","protected":false},"excerpt":{"rendered":"","protected":false},"author":1,"featured_media":0,"parent":0,"menu_order":0,"comment_status":"closed","ping_status":"closed","template":"page-full.php","meta":{"kt_blocks_editor_width":""},"yoast_head":"<!-- This site is optimized with the Yoast SEO plugin v19.1 - https:\/\/yoast.com\/wordpress\/plugins\/seo\/ -->\n<title>\u00c9v\u00e9nements - Absolute Results<\/title>\n<meta name=\"robots\" content=\"index, follow, max-snippet:-1, max-image-preview:large, max-video-preview:-1\" \/>\n<link rel=\"canonical\" href=\"https:\/\/www.absoluteresults.com\/fr\/events\/\" \/>\n<meta property=\"og:locale\" content=\"fr_FR\" \/>\n<meta property=\"og:type\" content=\"article\" \/>\n<meta property=\"og:title\" content=\"\u00c9v\u00e9nements - Absolute Results\" \/>\n<meta property=\"og:url\" content=\"https:\/\/www.absoluteresults.com\/fr\/events\/\" \/>\n<meta property=\"og:site_name\" content=\"Absolute Results\" \/>\n<meta property=\"article:publisher\" content=\"https:\/\/www.facebook.com\/HelloAbsoluteResults\/\" \/>\n<meta property=\"article:modified_time\" content=\"2025-06-17T16:53:30+00:00\" \/>\n<meta name=\"twitter:card\" content=\"summary_large_image\" \/>\n<script type=\"application\/ld+json\" class=\"yoast-schema-graph\">{\"@context\":\"https:\/\/schema.org\",\"@graph\":[{\"@type\":\"Organization\",\"@id\":\"http:\/\/172.26.4.15\/#organization\",\"name\":\"Absolute Results\",\"url\":\"http:\/\/172.26.4.15\/\",\"sameAs\":[\"https:\/\/www.linkedin.com\/company\/helloabsoluteresults\/mycompany\/verification\/\",\"https:\/\/www.facebook.com\/HelloAbsoluteResults\/\"],\"logo\":{\"@type\":\"ImageObject\",\"inLanguage\":\"fr-FR\",\"@id\":\"http:\/\/172.26.4.15\/#\/schema\/logo\/image\/\",\"url\":\"http:\/\/172.26.4.15\/wp-content\/uploads\/2022\/07\/logo.png\",\"contentUrl\":\"http:\/\/172.26.4.15\/wp-content\/uploads\/2022\/07\/logo.png\",\"width\":190,\"height\":60,\"caption\":\"Absolute Results\"},\"image\":{\"@id\":\"http:\/\/172.26.4.15\/#\/schema\/logo\/image\/\"}},{\"@type\":\"WebSite\",\"@id\":\"http:\/\/172.26.4.15\/#website\",\"url\":\"http:\/\/172.26.4.15\/\",\"name\":\"Absolute Results\",\"description\":\"Helping Dealers Sell Cars Today and Tomorrow!\",\"publisher\":{\"@id\":\"http:\/\/172.26.4.15\/#organization\"},\"potentialAction\":[{\"@type\":\"SearchAction\",\"target\":{\"@type\":\"EntryPoint\",\"urlTemplate\":\"http:\/\/172.26.4.15\/?s={search_term_string}\"},\"query-input\":\"required name=search_term_string\"}],\"inLanguage\":\"fr-FR\"},{\"@type\":\"WebPage\",\"@id\":\"https:\/\/www.absoluteresults.com\/fr\/events\/#webpage\",\"url\":\"https:\/\/www.absoluteresults.com\/fr\/events\/\",\"name\":\"\u00c9v\u00e9nements - Absolute Results\",\"isPartOf\":{\"@id\":\"http:\/\/172.26.4.15\/#website\"},\"datePublished\":\"2022-12-20T20:48:32+00:00\",\"dateModified\":\"2025-06-17T16:53:30+00:00\",\"breadcrumb\":{\"@id\":\"https:\/\/www.absoluteresults.com\/fr\/events\/#breadcrumb\"},\"inLanguage\":\"fr-FR\",\"potentialAction\":[{\"@type\":\"ReadAction\",\"target\":[\"https:\/\/www.absoluteresults.com\/fr\/events\/\"]}]},{\"@type\":\"BreadcrumbList\",\"@id\":\"https:\/\/www.absoluteresults.com\/fr\/events\/#breadcrumb\",\"itemListElement\":[{\"@type\":\"ListItem\",\"position\":1,\"name\":\"Home\",\"item\":\"https:\/\/35.85.190.7\/fr\/\"},{\"@type\":\"ListItem\",\"position\":2,\"name\":\"\u00c9v\u00e9nements\"}]}]}<\/script>\n<!-- \/ Yoast SEO plugin. -->","yoast_head_json":{"title":"\u00c9v\u00e9nements - Absolute Results","robots":{"index":"index","follow":"follow","max-snippet":"max-snippet:-1","max-image-preview":"max-image-preview:large","max-video-preview":"max-video-preview:-1"},"canonical":"https:\/\/www.absoluteresults.com\/fr\/events\/","og_locale":"fr_FR","og_type":"article","og_title":"\u00c9v\u00e9nements - Absolute Results","og_url":"https:\/\/www.absoluteresults.com\/fr\/events\/","og_site_name":"Absolute Results","article_publisher":"https:\/\/www.facebook.com\/HelloAbsoluteResults\/","article_modified_time":"2025-06-17T16:53:30+00:00","twitter_card":"summary_large_image","schema":{"@context":"https:\/\/schema.org","@graph":[{"@type":"Organization","@id":"http:\/\/172.26.4.15\/#organization","name":"Absolute Results","url":"http:\/\/172.26.4.15\/","sameAs":["https:\/\/www.linkedin.com\/company\/helloabsoluteresults\/mycompany\/verification\/","https:\/\/www.facebook.com\/HelloAbsoluteResults\/"],"logo":{"@type":"ImageObject","inLanguage":"fr-FR","@id":"http:\/\/172.26.4.15\/#\/schema\/logo\/image\/","url":"http:\/\/172.26.4.15\/wp-content\/uploads\/2022\/07\/logo.png","contentUrl":"http:\/\/172.26.4.15\/wp-content\/uploads\/2022\/07\/logo.png","width":190,"height":60,"caption":"Absolute Results"},"image":{"@id":"http:\/\/172.26.4.15\/#\/schema\/logo\/image\/"}},{"@type":"WebSite","@id":"http:\/\/172.26.4.15\/#website","url":"http:\/\/172.26.4.15\/","name":"Absolute Results","description":"Helping Dealers Sell Cars Today and Tomorrow!","publisher":{"@id":"http:\/\/172.26.4.15\/#organization"},"potentialAction":[{"@type":"SearchAction","target":{"@type":"EntryPoint","urlTemplate":"http:\/\/172.26.4.15\/?s={search_term_string}"},"query-input":"required name=search_term_string"}],"inLanguage":"fr-FR"},{"@type":"WebPage","@id":"https:\/\/www.absoluteresults.com\/fr\/events\/#webpage","url":"https:\/\/www.absoluteresults.com\/fr\/events\/","name":"\u00c9v\u00e9nements - Absolute Results","isPartOf":{"@id":"http:\/\/172.26.4.15\/#website"},"datePublished":"2022-12-20T20:48:32+00:00","dateModified":"2025-06-17T16:53:30+00:00","breadcrumb":{"@id":"https:\/\/www.absoluteresults.com\/fr\/events\/#breadcrumb"},"inLanguage":"fr-FR","potentialAction":[{"@type":"ReadAction","target":["https:\/\/www.absoluteresults.com\/fr\/events\/"]}]},{"@type":"BreadcrumbList","@id":"https:\/\/www.absoluteresults.com\/fr\/events\/#breadcrumb","itemListElement":[{"@type":"ListItem","position":1,"name":"Home","item":"https:\/\/35.85.190.7\/fr\/"},{"@type":"ListItem","position":2,"name":"\u00c9v\u00e9nements"}]}]}},"_links":{"self":[{"href":"https:\/\/absoluteresults.com\/fr\/wp-json\/wp\/v2\/pages\/1155"}],"collection":[{"href":"https:\/\/absoluteresults.com\/fr\/wp-json\/wp\/v2\/pages"}],"about":[{"href":"https:\/\/absoluteresults.com\/fr\/wp-json\/wp\/v2\/types\/page"}],"author":[{"embeddable":true,"href":"https:\/\/absoluteresults.com\/fr\/wp-json\/wp\/v2\/users\/1"}],"replies":[{"embeddable":true,"href":"https:\/\/absoluteresults.com\/fr\/wp-json\/wp\/v2\/comments?post=1155"}],"version-history":[{"count":44,"href":"https:\/\/absoluteresults.com\/fr\/wp-json\/wp\/v2\/pages\/1155\/revisions"}],"predecessor-version":[{"id":2087,"href":"https:\/\/absoluteresults.com\/fr\/wp-json\/wp\/v2\/pages\/1155\/revisions\/2087"}],"wp:attachment":[{"href":"https:\/\/absoluteresults.com\/fr\/wp-json\/wp\/v2\/media?parent=1155"}],"curies":[{"name":"wp","href":"https:\/\/api.w.org\/{rel}","templated":true}]}}