





{"id":1081,"date":"2022-12-07T12:08:22","date_gmt":"2022-12-07T17:08:22","guid":{"rendered":"https:\/\/unleash.absoluteresults.com\/?page_id=1081"},"modified":"2022-12-08T11:32:21","modified_gmt":"2022-12-08T16:32:21","slug":"pre-owned-experiences","status":"publish","type":"page","link":"https:\/\/absoluteresults.com\/fr\/pre-owned-experiences\/","title":{"rendered":"EXP\u00c9RIENCE D\u2019OPPORTUNIT\u00c9 POUR VOS V\u00c9HICULES D\u2019OCCASION"},"content":{"rendered":"<section id=\"used-vehicle-banner\" class=\"used-vehicle-cont used-vehicle-banner\">\n    <div class=\"uvbanner-block\">\n       <div class=\"uv-bg\"><img src=\"https:\/\/absoluteresults.com\/wp-content\/uploads\/2022\/11\/new-banner-img-2.png\"><\/div>\n       <div class=\"container\">\n            <div class=\"uv-content\">\n                <div class=\"uvbanner-header\"><h2>EXP\u00c9RIENCE D\u2019OPPORTUNIT\u00c9 <br>POUR VOS V\u00c9HICULES D\u2019OCCASION<\/h2><\/div>\n                <div class=\"uvbanner-button button-effect\"> \n                    <a href=\"\/fr\/onlinecalculator\/?utm_source=website-link&#038;utm_campaign=Nov2022\">\n                       <span class=\"circle\"><span class=\"fa fa-fw fa-arrow-right\"><\/span><\/span>\n                        <span class=\"button-text\">Quel est votre plan ?<\/span>\n                    <\/a>\n                <\/div>\n            <\/div>\n        <\/div>\n    <\/div>\n<\/section>\n\n<section id=\"uv-inventory\" class=\"inner uv-inventory used-vehicle-inventory\">\n    <div class=\"container\">\n      <div class=\"uv-image-bg\">\n          <img src=\"https:\/\/absoluteresults.com\/wp-content\/uploads\/2022\/11\/selling-image2.png\" alt=\"\" \/>\n      <\/div>\n       <div class=\"uv-block\">\n        <div class=\"uv-content\">\n            <div class=\"uv-header\"><h2>Les v\u00e9hicules d\u2019occasion <br>provoquent d\u2019importantes pertes<\/h2><\/div>\n            <div class=\"uv-desc\"><p><p>Leur valeur moyenne au march\u00e9 chute chaque semaine<br \/>\nLes taux d\u2019int\u00e9r\u00eat ne cessent d\u2019augmenter<br \/>\nLes signes pointent vers un ralentissement du march\u00e9 <\/p>\n<p>Quel est votre plan ?<\/p>\n<\/p><\/div>\n        <\/div>\n        <\/div>\n    <\/div>\n<\/section>\n\n<section id=\"uv-calculate\" class=\"inner uv-calculate used-vehicle-calculate\">\n    <div class=\"container\">\n        <div class=\"uv-calculate-content\">\n            <div class=\"uv-header\"><h2>Examinons votre inventaire<\/h2><\/div>\n            <div class=\"uv-desc\"><p>La valeur moyenne au march\u00e9 a chut\u00e9 de 5 % au cours des 30 derniers jours.<br \/>\nEt si l\u2019on compare votre inventaire ?<br \/>\nUtiliser notre calculateur d\u2019Opportunit\u00e9 dans l\u2019Occasion pour calculer vos propres pertes potentielles de revenus. <\/p>\n            <div class=\"uvbanner-button button-effect\"> \n                <a target=\"_blank\" href=\"\/fr\/onlinecalculator\/?utm_source=website-link&#038;utm_campaign=Nov2022\">\n                   <span class=\"circle\"><span class=\"fa fa-fw fa-arrow-right\"><\/span><\/span>\n                    <span class=\"button-text\">Calculez maintenant<\/span>\n                <\/a>\n            <\/div>\n            <\/div>\n        <\/div>\n    <\/div>\n<\/section>\n\n<section id=\"used-vehicle-slider\" class=\"used-vehicle-cont uv-slider\">\n   <div class=\"container\">\n       <h2 class=\"uv-header-slide\">Marketing, formation et ventes<\/h2>\n       <div class=\"uv-slider-desc\"><p>L\u2019exp\u00e9rience d\u2019Opportunit\u00e9 pour vos v\u00e9hicules d\u2019Occasion que nous avons d\u00e9velopp\u00e9e comprend la formation, les campagnes de marketing et la gestion de votre \u00e9v\u00e9nement.<\/p>\n<p>Nos campagnes strat\u00e9giques pour les v\u00e9hicules d\u2019occasion ciblent et engagent les clients pour garantir une participation remarquable \u00e0 votre vente priv\u00e9e sur 3 jours. Nos formateurs assurent le coaching aux membres de votre \u00e9quipe de vente afin d\u2019am\u00e9liorer la prise de rendez-vous et d\u2019augmenter le taux de fermeture.<\/p>\n<p>Voici l\u2019occasion de vendre l\u2019\u00e9quivalent d\u2019une semaine en 3 jours gr\u00e2ce \u00e0 l&rsquo;exp\u00e9rience d\u2019Opportunit\u00e9 pour les v\u00e9hicules d\u2019Occasion.<\/p>\n<\/div>\n        <div class=\"uv-content-full\">\n            <div class=\"uv-slider-img\">\n                                   <div class=\"img-slide\">\n                        <img src=\"https:\/\/absoluteresults.com\/wp-content\/uploads\/2022\/11\/Web-Projects-Portfolio.jpg\" alt=\"\" \/>\n                                                    <div class=\"slide-text\"><h3>Nos campagnes engagent vos clients<\/h3>\n                                <div class=\"desc\"><\/div>\n                            <\/div>\n                                           <\/div>\n                                                            <\/div>\n        <\/div>\n    <\/div>\n<\/section>\n\n<section id=\"used-vehicle-experience\" class=\"used-vehicle-cont uv-experience\">\n   <div class=\"container\">\n      <h2>Commen\u00e7ons<\/h2>\n       <div class=\"uv-content-block\">\n            <div class=\"uv-content-left uv-cont-area col-md-6 hide\">\n                <h5>MARKETING<\/h5>\n                <div class=\"uv-desc\"><ul>\n<li>R\u00e9vision de votre base de donn\u00e9es, avec r\u00e9sum\u00e9 pour la concession<\/li>\n<li>R\u00e9sum\u00e9 de l\u2019Algorithme de R\u00e9tention client et Analyse du portefeuille client<\/li>\n<li>Page d\u2019accueil personnalis\u00e9e RSVP avec une fonction<br \/>\n\u00ab d&rsquo;auto-\u00e9valuation du v\u00e9hicule \u00bb<\/li>\n<li>Compagne courriel cibl\u00e9e et envoy\u00e9e jusqu\u2019\u00e0 2 000 clients<\/li>\n<li>Campagne SMS cibl\u00e9e et envoy\u00e9e jusqu\u2019\u00e0 2 000 clients<\/li>\n<li>Campagne de marketing personnalis\u00e9e et Portail du concessionnaire<\/li>\n<li>Blitz d\u2019appels t\u00e9l\u00e9phonique (500 appels) \u2013 2 essais<\/li>\n<\/ul>\n<div class=\"starting-at\">\n<h4>\u00c0 partir de<\/h4>\n<h3>3 950 $<span><\/span><\/h3>\n<\/div>\n<\/div>\n                <div class=\"uvbanner-button button-effect2\"> \n                    <a href=\"#used-vehicle-contact\">\n                        <span>Obtenez votre devis<\/span>\n                    <\/a>\n                <\/div>\n            <\/div>\n            <div class=\"uv-content-right uv-cont-area col-md-12\">\n                <h5>MARKETING ET FORMATION<\/h5>\n                <div class=\"uv-desc\"><ul>\n<li><b>Formateur sur place durant 3 jours<\/b><\/li>\n<li>R\u00e9vision de votre base de donn\u00e9es, avec r\u00e9sum\u00e9 pour la concession<\/li>\n<li>R\u00e9sum\u00e9 de l\u2019Algorithme de R\u00e9tention client et Analyse du portefeuille client<\/li>\n<li>Page d\u2019accueil personnalis\u00e9e RSVP avec une fonction<br \/>\n\u00ab d&rsquo;auto-\u00e9valuation du v\u00e9hicule \u00bb<\/li>\n<li>Compagne courriel cibl\u00e9e et envoy\u00e9e jusqu\u2019\u00e0 2 000 clients<\/li>\n<li>Campagne SMS cibl\u00e9e et envoy\u00e9e jusqu\u2019\u00e0 2 000 clients<\/li>\n<li>Campagne de marketing personnalis\u00e9e et Portail du concessionnaire<\/li>\n<li>Blitz d\u2019appels t\u00e9l\u00e9phonique (500 appels) \u2013 2 essais<\/li>\n<\/ul>\n<div class=\"starting-at\">\n<h4>\u00c0 partir de<\/h4>\n<h3>6 500 $<span>+ par v\u00e9hicule<\/span><\/h3>\n<\/div>\n<\/div>\n                <div class=\"uvbanner-button button-effect2\"> \n                    <a href=\"#used-vehicle-contact\">\n                        <span>Obtenez votre devis<\/span>\n                    <\/a>\n                <\/div>\n            <\/div>\n        <\/div>\n    <\/div>\n<\/section>\n\n<section id=\"uv-roi\" class=\"inner uv-roi used-vehicle-roi\">\n    <div class=\"container\">\n      <div class=\"uv-image-bg\">\n          <img src=\"https:\/\/absoluteresults.com\/wp-content\/uploads\/2022\/11\/roi-img-banner.png\" alt=\"\" \/>\n      <\/div>\n       <div class=\"uv-block\">\n        <div class=\"uv-content\">\n            <div class=\"uv-header\"><h2>Quel RSI <br\/>pr\u00e9voyez-vous ?<\/h2><\/div>\n            <div class=\"uv-desc\"><p><p>En fonction du prix de notre exp\u00e9rience d\u2019Opportunit\u00e9 pour vos v\u00e9hicules d\u2019Occasion, vous serez en mesure de pr\u00e9voir un RSI moyen de 80 000 $ sur une moyenne de 20 v\u00e9hicules vendus.<\/p>\n<p>Jetez un coup d&rsquo;\u0153il sur notre calculateur d\u2019Opportunit\u00e9 dans l\u2019Occasion et calculez vous-m\u00eame votre RSI positif gr\u00e2ce \u00e0 cette strat\u00e9gie capable de vous offrir une exp\u00e9rience \u00e9prouv\u00e9e pour vos v\u00e9hicules d\u2019occasion. <\/p>\n<\/p><\/div>\n            <div class=\"uvbanner-button button-effect\"> \n                <a target=\"_blank\" href=\"\/fr\/onlinecalculator\/?utm_source=website-link&#038;utm_campaign=Nov2022\">\n                   <span class=\"circle\"><span class=\"fa fa-fw fa-arrow-right\"><\/span><\/span>\n                    <span class=\"button-text\">CALCULATEUR<\/span>\n                <\/a>\n            <\/div>\n        <\/div>\n        <\/div>\n    <\/div>\n<\/section>\n\n<section id=\"used-vehicle-review\" class=\"used-vehicle-cont uv-review\">\n   <div class=\"container\">\n        <div class=\"uv-content-full\">\n            <span class=\"fa fa-fw fa-quote-left\"><\/span>\n            <div class=\"uv-desc\"><p>The training that Absolute Results provided really contributes to the success of the sale. They are here in the run up to the sale helping getting the guys pumped, giving helpful hints on telephone etiquette and how to gain an appointment.<\/p>\n<\/div>\n            <div class=\"uv-info\">\n                <h5>Audi Downtown Toronto<\/h5>\n                <h6>Toronto, Ontario<\/h6>\n            <\/div>\n        <\/div>\n    <\/div>\n<\/section>\n\n<section id=\"used-vehicle-contact\" class=\"used-vehicle-cont uv-contact\">\n    <div class=\"container\">\n      <div class=\"uv-image-contact-bg\">\n                              <img src=\"https:\/\/absoluteresults.com\/wp-content\/uploads\/2022\/11\/banner-contact.png\" alt=\"\" \/>\n                      <\/div>\n       <div class=\"uv-block\">\n        <div class=\"uv-content\">\n            <div class=\"uv-form\"><h2><div role=\"form\" class=\"wpcf7\" id=\"wpcf7-f1087-o1\" lang=\"en-US\" dir=\"ltr\">\n<div class=\"screen-reader-response\"><p role=\"status\" aria-live=\"polite\" aria-atomic=\"true\"><\/p> <ul><\/ul><\/div>\n<form action=\"\/fr\/wp-json\/wp\/v2\/pages\/1081#wpcf7-f1087-o1\" method=\"post\" class=\"wpcf7-form init\" novalidate=\"novalidate\" data-status=\"init\">\n<div style=\"display: none;\">\n<input type=\"hidden\" name=\"_wpcf7\" value=\"1087\" \/>\n<input type=\"hidden\" name=\"_wpcf7_version\" value=\"5.6.3\" \/>\n<input type=\"hidden\" name=\"_wpcf7_locale\" value=\"en_US\" \/>\n<input type=\"hidden\" name=\"_wpcf7_unit_tag\" value=\"wpcf7-f1087-o1\" \/>\n<input type=\"hidden\" name=\"_wpcf7_container_post\" value=\"0\" \/>\n<input type=\"hidden\" name=\"_wpcf7_posted_data_hash\" value=\"\" \/>\n<input type=\"hidden\" name=\"_wpcf7_recaptcha_response\" value=\"\" \/>\n<\/div>\n<style>\n                :root {\n                    --uacf7-slider-Selection-Color: #1e90ff;\n                    --uacf7-slider-handle-color: #3498db;\n                    --uacf7-slider-handle-width: 24px;\n                    --uacf7-slider-handle-height: 24px;\n                    --uacf7-slider-handle-border-radius: 24px;\n                    --uacf7-slider-range-slider-height: 9px;\n                }\n                .uacf7-form-1087 .ui-slider-horizontal .ui-slider-range {\n                    background-color: #1e90ff;\n                    height: 9px;\n                }\n                .uacf7-form-1087 .ui-widget.ui-widget-content {\n                    height: 9px;\n                    border: 1px solid #1e90ff;\n                    background-color: #EEE;\n                }\n                .uacf7-form-1087 .ui-state-default, .ui-widget-content .ui-state-default{\n                    background-color: #3498db;\n                    width: 24px;\n                    height: 24px;\n                    border-radius: 24px;\n                    cursor: pointer;\n                    border: none !important;\n                    top: -8px;\n                    position: absolute;<\/p>\n<p>                }<\/p>\n<p>                .uacf7-form-1087 .ui-slider-horizontal .ui-slider-handle {\n                    top: -8.5px;\n                }\n                .uacf7-form-1087 input[type=range] {\n                    background-color: #1e90ff;\n                    height: 9px;\n                    border-radius: 5px;\n                }\n                .uacf7-form-1087 .ui-slider-horizontal{\n                    height: 9px;\n                }\n                .uacf7-form-1087 .uacf7-slider::-webkit-slider-thumb {\n                    -webkit-appearance: none;\n                    appearance: none;\n                    width: 24px;\n                    height: 24px;\n                    background:#3498db;\n                    border-radius: 24px;\n                    cursor: pointer;\n                }<\/p>\n<p>                .uacf7-form-1087 .uacf7-slider::-moz-range-thumb {\n                    width: 24px;\n                    height: 24px;\n                    background: #3498db;\n                    border-radius: 24px;\n                    cursor: pointer;\n                }\n            <\/style>\n<div class=\"uacf7-form-1087\">\n<div class=\"uacf7-form-1087\">\n<h2>Planifier votre<br> exp\u00e9rience<\/h2>\n<div class=\"uv-form\">\n<div class=\"input-form\"><span class=\"wpcf7-form-control-wrap\" data-name=\"your-name\"><input type=\"text\" name=\"your-name\" value=\"\" size=\"40\" class=\"wpcf7-form-control wpcf7-text wpcf7-validates-as-required\" aria-required=\"true\" aria-invalid=\"false\" \/><\/span><label>Nom<\/label><\/div>\n<div class=\"input-form\"><span class=\"wpcf7-form-control-wrap\" data-name=\"email-address\"><input type=\"email\" name=\"email-address\" value=\"\" size=\"40\" class=\"wpcf7-form-control wpcf7-text wpcf7-email wpcf7-validates-as-required wpcf7-validates-as-email\" aria-required=\"true\" aria-invalid=\"false\" \/><\/span><label>Adresse courriel <\/label><\/div>\n<div class=\"input-form-submit button-effect\"><span class=\"button-input\"><span class=\"circle\"><span class=\"fa fa-fw fa-arrow-right\"><\/span><\/span><span class=\"button-text\"><input type=\"submit\" value=\"Contactez-nous\" class=\"wpcf7-form-control has-spinner wpcf7-submit\" \/><\/span><\/span><\/div>\n<\/div>\n<\/div>\n<\/div>\n<p style=\"display: none !important;\"><label>&#916;<textarea name=\"_wpcf7_ak_hp_textarea\" cols=\"45\" rows=\"8\" maxlength=\"100\"><\/textarea><\/label><input type=\"hidden\" id=\"ak_js_1\" name=\"_wpcf7_ak_js\" value=\"135\"\/><script>document.getElementById( \"ak_js_1\" ).setAttribute( \"value\", ( new Date() ).getTime() );<\/script><\/p><div class=\"wpcf7-response-output\" aria-hidden=\"true\"><\/div><\/form><\/div><\/h2><\/div>\n        <\/div>\n        <\/div>\n    <\/div>\n<\/section>","protected":false},"excerpt":{"rendered":"","protected":false},"author":1,"featured_media":0,"parent":0,"menu_order":0,"comment_status":"closed","ping_status":"closed","template":"page-used-vehicles-events.php","meta":{"kt_blocks_editor_width":""},"yoast_head":"<!-- This site is optimized with the Yoast SEO plugin v19.1 - https:\/\/yoast.com\/wordpress\/plugins\/seo\/ -->\n<title>EXP\u00c9RIENCE D\u2019OPPORTUNIT\u00c9 POUR VOS V\u00c9HICULES D\u2019OCCASION - Absolute Results<\/title>\n<meta name=\"robots\" content=\"index, follow, max-snippet:-1, max-image-preview:large, max-video-preview:-1\" \/>\n<link rel=\"canonical\" href=\"https:\/\/absoluteresults.com\/fr\/pre-owned-experiences\/\" \/>\n<meta property=\"og:locale\" content=\"fr_FR\" \/>\n<meta property=\"og:type\" content=\"article\" \/>\n<meta property=\"og:title\" content=\"EXP\u00c9RIENCE D\u2019OPPORTUNIT\u00c9 POUR VOS V\u00c9HICULES D\u2019OCCASION - Absolute Results\" \/>\n<meta property=\"og:url\" content=\"https:\/\/absoluteresults.com\/fr\/pre-owned-experiences\/\" \/>\n<meta property=\"og:site_name\" content=\"Absolute Results\" \/>\n<meta property=\"article:publisher\" content=\"https:\/\/www.facebook.com\/HelloAbsoluteResults\/\" \/>\n<meta property=\"article:modified_time\" content=\"2022-12-08T16:32:21+00:00\" \/>\n<meta name=\"twitter:card\" content=\"summary_large_image\" \/>\n<script type=\"application\/ld+json\" class=\"yoast-schema-graph\">{\"@context\":\"https:\/\/schema.org\",\"@graph\":[{\"@type\":\"Organization\",\"@id\":\"http:\/\/172.26.4.15\/#organization\",\"name\":\"Absolute Results\",\"url\":\"http:\/\/172.26.4.15\/\",\"sameAs\":[\"https:\/\/www.linkedin.com\/company\/helloabsoluteresults\/mycompany\/verification\/\",\"https:\/\/www.facebook.com\/HelloAbsoluteResults\/\"],\"logo\":{\"@type\":\"ImageObject\",\"inLanguage\":\"fr-FR\",\"@id\":\"http:\/\/172.26.4.15\/#\/schema\/logo\/image\/\",\"url\":\"http:\/\/172.26.4.15\/wp-content\/uploads\/2022\/07\/logo.png\",\"contentUrl\":\"http:\/\/172.26.4.15\/wp-content\/uploads\/2022\/07\/logo.png\",\"width\":190,\"height\":60,\"caption\":\"Absolute Results\"},\"image\":{\"@id\":\"http:\/\/172.26.4.15\/#\/schema\/logo\/image\/\"}},{\"@type\":\"WebSite\",\"@id\":\"http:\/\/172.26.4.15\/#website\",\"url\":\"http:\/\/172.26.4.15\/\",\"name\":\"Absolute Results\",\"description\":\"Helping Dealers Sell Cars Today and Tomorrow!\",\"publisher\":{\"@id\":\"http:\/\/172.26.4.15\/#organization\"},\"potentialAction\":[{\"@type\":\"SearchAction\",\"target\":{\"@type\":\"EntryPoint\",\"urlTemplate\":\"http:\/\/172.26.4.15\/?s={search_term_string}\"},\"query-input\":\"required name=search_term_string\"}],\"inLanguage\":\"fr-FR\"},{\"@type\":\"WebPage\",\"@id\":\"https:\/\/absoluteresults.com\/fr\/pre-owned-experiences\/#webpage\",\"url\":\"https:\/\/absoluteresults.com\/fr\/pre-owned-experiences\/\",\"name\":\"EXP\u00c9RIENCE D\u2019OPPORTUNIT\u00c9 POUR VOS V\u00c9HICULES D\u2019OCCASION - Absolute Results\",\"isPartOf\":{\"@id\":\"http:\/\/172.26.4.15\/#website\"},\"datePublished\":\"2022-12-07T17:08:22+00:00\",\"dateModified\":\"2022-12-08T16:32:21+00:00\",\"breadcrumb\":{\"@id\":\"https:\/\/absoluteresults.com\/fr\/pre-owned-experiences\/#breadcrumb\"},\"inLanguage\":\"fr-FR\",\"potentialAction\":[{\"@type\":\"ReadAction\",\"target\":[\"https:\/\/absoluteresults.com\/fr\/pre-owned-experiences\/\"]}]},{\"@type\":\"BreadcrumbList\",\"@id\":\"https:\/\/absoluteresults.com\/fr\/pre-owned-experiences\/#breadcrumb\",\"itemListElement\":[{\"@type\":\"ListItem\",\"position\":1,\"name\":\"Home\",\"item\":\"https:\/\/absoluteresults.com\/fr\/\"},{\"@type\":\"ListItem\",\"position\":2,\"name\":\"EXP\u00c9RIENCE D\u2019OPPORTUNIT\u00c9 POUR VOS V\u00c9HICULES D\u2019OCCASION\"}]}]}<\/script>\n<!-- \/ Yoast SEO plugin. -->","yoast_head_json":{"title":"EXP\u00c9RIENCE D\u2019OPPORTUNIT\u00c9 POUR VOS V\u00c9HICULES D\u2019OCCASION - Absolute Results","robots":{"index":"index","follow":"follow","max-snippet":"max-snippet:-1","max-image-preview":"max-image-preview:large","max-video-preview":"max-video-preview:-1"},"canonical":"https:\/\/absoluteresults.com\/fr\/pre-owned-experiences\/","og_locale":"fr_FR","og_type":"article","og_title":"EXP\u00c9RIENCE D\u2019OPPORTUNIT\u00c9 POUR VOS V\u00c9HICULES D\u2019OCCASION - Absolute Results","og_url":"https:\/\/absoluteresults.com\/fr\/pre-owned-experiences\/","og_site_name":"Absolute Results","article_publisher":"https:\/\/www.facebook.com\/HelloAbsoluteResults\/","article_modified_time":"2022-12-08T16:32:21+00:00","twitter_card":"summary_large_image","schema":{"@context":"https:\/\/schema.org","@graph":[{"@type":"Organization","@id":"http:\/\/172.26.4.15\/#organization","name":"Absolute Results","url":"http:\/\/172.26.4.15\/","sameAs":["https:\/\/www.linkedin.com\/company\/helloabsoluteresults\/mycompany\/verification\/","https:\/\/www.facebook.com\/HelloAbsoluteResults\/"],"logo":{"@type":"ImageObject","inLanguage":"fr-FR","@id":"http:\/\/172.26.4.15\/#\/schema\/logo\/image\/","url":"http:\/\/172.26.4.15\/wp-content\/uploads\/2022\/07\/logo.png","contentUrl":"http:\/\/172.26.4.15\/wp-content\/uploads\/2022\/07\/logo.png","width":190,"height":60,"caption":"Absolute Results"},"image":{"@id":"http:\/\/172.26.4.15\/#\/schema\/logo\/image\/"}},{"@type":"WebSite","@id":"http:\/\/172.26.4.15\/#website","url":"http:\/\/172.26.4.15\/","name":"Absolute Results","description":"Helping Dealers Sell Cars Today and Tomorrow!","publisher":{"@id":"http:\/\/172.26.4.15\/#organization"},"potentialAction":[{"@type":"SearchAction","target":{"@type":"EntryPoint","urlTemplate":"http:\/\/172.26.4.15\/?s={search_term_string}"},"query-input":"required name=search_term_string"}],"inLanguage":"fr-FR"},{"@type":"WebPage","@id":"https:\/\/absoluteresults.com\/fr\/pre-owned-experiences\/#webpage","url":"https:\/\/absoluteresults.com\/fr\/pre-owned-experiences\/","name":"EXP\u00c9RIENCE D\u2019OPPORTUNIT\u00c9 POUR VOS V\u00c9HICULES D\u2019OCCASION - Absolute Results","isPartOf":{"@id":"http:\/\/172.26.4.15\/#website"},"datePublished":"2022-12-07T17:08:22+00:00","dateModified":"2022-12-08T16:32:21+00:00","breadcrumb":{"@id":"https:\/\/absoluteresults.com\/fr\/pre-owned-experiences\/#breadcrumb"},"inLanguage":"fr-FR","potentialAction":[{"@type":"ReadAction","target":["https:\/\/absoluteresults.com\/fr\/pre-owned-experiences\/"]}]},{"@type":"BreadcrumbList","@id":"https:\/\/absoluteresults.com\/fr\/pre-owned-experiences\/#breadcrumb","itemListElement":[{"@type":"ListItem","position":1,"name":"Home","item":"https:\/\/absoluteresults.com\/fr\/"},{"@type":"ListItem","position":2,"name":"EXP\u00c9RIENCE D\u2019OPPORTUNIT\u00c9 POUR VOS V\u00c9HICULES D\u2019OCCASION"}]}]}},"_links":{"self":[{"href":"https:\/\/absoluteresults.com\/fr\/wp-json\/wp\/v2\/pages\/1081"}],"collection":[{"href":"https:\/\/absoluteresults.com\/fr\/wp-json\/wp\/v2\/pages"}],"about":[{"href":"https:\/\/absoluteresults.com\/fr\/wp-json\/wp\/v2\/types\/page"}],"author":[{"embeddable":true,"href":"https:\/\/absoluteresults.com\/fr\/wp-json\/wp\/v2\/users\/1"}],"replies":[{"embeddable":true,"href":"https:\/\/absoluteresults.com\/fr\/wp-json\/wp\/v2\/comments?post=1081"}],"version-history":[{"count":21,"href":"https:\/\/absoluteresults.com\/fr\/wp-json\/wp\/v2\/pages\/1081\/revisions"}],"predecessor-version":[{"id":1107,"href":"https:\/\/absoluteresults.com\/fr\/wp-json\/wp\/v2\/pages\/1081\/revisions\/1107"}],"wp:attachment":[{"href":"https:\/\/absoluteresults.com\/fr\/wp-json\/wp\/v2\/media?parent=1081"}],"curies":[{"name":"wp","href":"https:\/\/api.w.org\/{rel}","templated":true}]}}